{"id":6159,"date":"2022-04-18T18:37:00","date_gmt":"2022-04-18T15:37:00","guid":{"rendered":"https:\/\/skinprodaugavpils.lv\/?page_id=6159"},"modified":"2024-07-06T16:26:15","modified_gmt":"2024-07-06T13:26:15","slug":"inmode-lumecca-diolazexl","status":"publish","type":"page","link":"https:\/\/skinprodaugavpils.lv\/en\/ierices\/inmode-lumecca-diolazexl\/","title":{"rendered":"InMode Lumecca \/ DiolazeXL \/ Morpheus 8 \/ Forma"},"content":{"rendered":"<div data-elementor-type=\"wp-page\" data-elementor-id=\"6159\" class=\"elementor elementor-6159\" data-elementor-post-type=\"page\">\n\t\t\t\t<div class=\"elementor-element elementor-element-b7c4dbf xts-section-stretch e-flex e-con-boxed e-con e-parent\" data-id=\"b7c4dbf\" data-element_type=\"container\" data-settings=\"{&quot;background_background&quot;:&quot;classic&quot;}\">\n\t\t\t\t\t<div class=\"e-con-inner\">\n\t\t<div class=\"elementor-element elementor-element-c94b503 e-con-full e-flex xts-section-disabled e-con e-child\" data-id=\"c94b503\" data-element_type=\"container\">\n\t\t\t\t<div class=\"elementor-element elementor-element-9a62cfc elementor-widget elementor-widget-image\" data-id=\"9a62cfc\" data-element_type=\"widget\" data-widget_type=\"image.default\">\n\t\t\t\t<div class=\"elementor-widget-container\">\n\t\t\t\t\t\t\t\t\t\t\t\t\t<img fetchpriority=\"high\" decoding=\"async\" width=\"1735\" height=\"1943\" src=\"https:\/\/skinprodaugavpils.lv\/wp-content\/uploads\/2023\/02\/inmode.webp\" class=\"attachment-full size-full wp-image-6160\" alt=\"InMode L\u0101zerepil\u0101cija un IPL\" srcset=\"https:\/\/skinprodaugavpils.lv\/wp-content\/uploads\/2023\/02\/inmode.webp 1735w, https:\/\/skinprodaugavpils.lv\/wp-content\/uploads\/2023\/02\/inmode-268x300.webp 268w, https:\/\/skinprodaugavpils.lv\/wp-content\/uploads\/2023\/02\/inmode-914x1024.webp 914w, https:\/\/skinprodaugavpils.lv\/wp-content\/uploads\/2023\/02\/inmode-768x860.webp 768w, https:\/\/skinprodaugavpils.lv\/wp-content\/uploads\/2023\/02\/inmode-1372x1536.webp 1372w, https:\/\/skinprodaugavpils.lv\/wp-content\/uploads\/2023\/02\/inmode-11x12.webp 11w\" sizes=\"(max-width: 1735px) 100vw, 1735px\" title=\"InMode Lumecca \/ DiolazeXL \/ Morpheus 8 \/ Forma\" \/>\t\t\t\t\t\t\t\t\t\t\t\t\t<\/div>\n\t\t\t\t<\/div>\n\t\t\t\t<\/div>\n\t\t<div class=\"elementor-element elementor-element-0ba81ab e-con-full e-flex xts-section-disabled e-con e-child\" data-id=\"0ba81ab\" data-element_type=\"container\">\n\t\t\t\t<div class=\"elementor-element elementor-element-dcd02e9 xts-scheme-inherit xts-textalign-inherit elementor-widget elementor-widget-text-editor\" data-id=\"dcd02e9\" data-element_type=\"widget\" data-widget_type=\"text-editor.default\">\n\t\t\t\t<div class=\"elementor-widget-container\">\n\t\t\t\t\t\t\t<p class=\"translation-block\">A unique development of the Israeli company <strong>INMODE Aesthetic Solution.<\/strong><\/p><p class=\"translation-block\">The <strong>InMode<\/strong> multifunctional platform represents a breakthrough in aesthetic medicine, offering minimally invasive and non-invasive treatments for the most popular aesthetic procedures.<\/p><p class=\"translation-block\"><strong>Lumecca<\/strong> is an innovative system aimed at fighting pigmentation, vascular lesions, rosacea, post-acne congestion and photodamage. The therapeutic effect is achieved through the action of pulses of high-intensity light (IPL). Unlike other devices, Lumecca has the highest peak power of 3.3 kW\/cm2, which enhances the effect and gives a stunning result after the first treatment. A distinctive feature in treatment of photo rejuvenation on the <strong>InMode<\/strong> device with the nozzle.<\/p><p class=\"translation-block\"><strong>Lumecca<\/strong> allows to eliminate both pigmentary and vascular defects within one treatment. In addition, the nozzle stimulates the process of production and the building of the new collagen fibers, so that the skin after the treatment is tightened, the pores are reduced, the skin gets a velvety and healthy look.<\/p><p class=\"translation-block\"><strong>DiolazeX<\/strong>L is the \u201cgolden standard\u201d of laser hair removal! Currently, it is the first hybrid laser hair removal head approved by the <strong>FDA.<\/strong><\/p><p class=\"translation-block\">The concept of the technique is the intense impact on the hair follicle not with one wavelength as in analog lasers, but with two wavelengths. The possible combination is <strong>755\/810 Nm <\/strong>(Alexandrite\/Diode) or <strong>810\/1064 Nm<\/strong> (Diode\/Neodymium).<span class=\"Apple-converted-space\">\u00a0<\/span><\/p><p>This allows to achieve the maximum effect when working with hairs of any shade and stiffness.<\/p><p class=\"translation-block\"><strong>MORPHEUS8<\/strong> technology is a breakthrough in the field of non-surgical cosmetology - the newest system of the needle <strong>RF-lifting <\/strong>to remove wrinkles and rejuvenate the skin, the latest development in the world market from the company <strong>INMODE Aesthetic Solution.<\/strong><\/p><p class=\"translation-block\">The technical features and the principle of impact of this technology include <strong>24 sharp polymer-coated needles<\/strong>. Each needle is encircled by a return electrode, which ensures uniform heating in the treatment area. It also provides deep and safe fractional treatment with a penetration of up to <strong>4000 microns<\/strong>and additional heating zone of <strong>up to 1000 microns.<\/strong> This technology has a uniform effect and a short rehabilitation period. It is safe for Phototype <strong>VI skin <\/strong>and has the greatest depth of penetration out of all <strong>FDA-approved <\/strong>fractional technologies.<\/p><p class=\"translation-block\"><strong>RF - FORMA<\/strong> Revitalization or <strong>CELEB GLOW<span class=\"Apple-converted-space\">\u00a0<\/span><\/strong><\/p><p class=\"translation-block\"><strong>Visible RF effect<\/strong> - revitalization with the <strong>Forma InMode<\/strong> device, the results can be achieved extremely rapidly, so this treatment can even be called \"star lifting\". In one treatment, the innovative technology allows you to renew the skin for <strong>up to 5 years.<\/strong><\/p><p class=\"translation-block\">The main working mechanism of the <strong>Forma InMode<\/strong> nozzle is heating the skin with fractional radiofrequency current up to <strong>38-43<\/strong> degrees, which is totally comfortable for the patient and well controlled by the cosmetologist.<\/p><p>This thermolifting causes smoothening of the skin and formation of the collagen fibers, in addition, it increases the production of elastin in the skin, tightens the matrix of the dermis and reduces wrinkles.<\/p>\t\t\t\t\t\t<\/div>\n\t\t\t\t<\/div>\n\t\t<div class=\"elementor-element elementor-element-7f88f0e e-con-full e-flex xts-section-disabled e-con e-child\" data-id=\"7f88f0e\" data-element_type=\"container\">\n\t\t\t\t<div class=\"elementor-element elementor-element-142bad8 elementor-mobile-align-justify elementor-widget__width-auto elementor-widget elementor-widget-button\" data-id=\"142bad8\" data-element_type=\"widget\" data-widget_type=\"button.default\">\n\t\t\t\t<div class=\"elementor-widget-container\">\n\t\t\t\t\t\t\t<div class=\"elementor-button-wrapper\">\n\t\t\t\t\t<a class=\"elementor-button elementor-button-link elementor-size-sm elementor-animation-grow\" href=\"#elementor-action%3Aaction%3Dpopup%3Aopen%26settings%3DeyJpZCI6IjEyNzAiLCJ0b2dnbGUiOmZhbHNlfQ%3D%3D\">\n\t\t\t\t\t\t<span class=\"elementor-button-content-wrapper\">\n\t\t\t\t\t\t\t\t\t<span class=\"elementor-button-text\">Book now<\/span>\n\t\t\t\t\t<\/span>\n\t\t\t\t\t<\/a>\n\t\t\t\t<\/div>\n\t\t\t\t\t\t<\/div>\n\t\t\t\t<\/div>\n\t\t\t\t<div class=\"elementor-element elementor-element-be3e0ae elementor-mobile-align-justify elementor-widget__width-auto elementor-widget elementor-widget-button\" data-id=\"be3e0ae\" data-element_type=\"widget\" data-widget_type=\"button.default\">\n\t\t\t\t<div class=\"elementor-widget-container\">\n\t\t\t\t\t\t\t<div class=\"elementor-button-wrapper\">\n\t\t\t\t\t<a class=\"elementor-button elementor-button-link elementor-size-sm elementor-animation-grow\" href=\"https:\/\/skinprodaugavpils.lv\/en\/lazerepilacija\/\">\n\t\t\t\t\t\t<span class=\"elementor-button-content-wrapper\">\n\t\t\t\t\t\t\t\t\t<span class=\"elementor-button-text\">Learn More<\/span>\n\t\t\t\t\t<\/span>\n\t\t\t\t\t<\/a>\n\t\t\t\t<\/div>\n\t\t\t\t\t\t<\/div>\n\t\t\t\t<\/div>\n\t\t\t\t<\/div>\n\t\t\t\t<\/div>\n\t\t\t\t\t<\/div>\n\t\t\t\t<\/div>\n\t\t\t\t<\/div>","protected":false},"excerpt":{"rendered":"<p>Unik\u0101ls izgudrojums, ko paveikusi Izra\u0113las komp\u0101nija INMODE Aesthetic Solution.\u00a0 InMode ir daudzfunkcion\u0101l\u0101s platformas izvirziens est\u0113tisk\u0101s medic\u012bnas jom\u0101, pied\u0101v\u0101jot tai minim\u0101li invaz\u012bvas un neinvaz\u012bvas metodes popul\u0101r\u0101kaj\u0101m est\u0113tiskaj\u0101m proced\u016br\u0101m. Lumecca &#8211; inovat\u012bva sist\u0113ma, kuras m\u0113r\u0137is ir atbr\u012bvoties no pigment\u0101cijas, asinsvadu boj\u0101jumiem, rosacejas, p\u0113c aknes plankumiem uz \u0101das. \u0160\u012b terapeitisk\u0101 iedarb\u012bba tiek pan\u0101kta augstas intensit\u0101tes gaismas impulsu (IPL) [&hellip;]<\/p>\n","protected":false},"author":3,"featured_media":6160,"parent":1477,"menu_order":0,"comment_status":"closed","ping_status":"closed","template":"","meta":{"footnotes":""},"class_list":["post-6159","page","type-page","status-publish","has-post-thumbnail","hentry"],"yoast_head":"<!-- This site is optimized with the Yoast SEO Premium plugin v20.11 (Yoast SEO v27.3) - https:\/\/yoast.com\/product\/yoast-seo-premium-wordpress\/ -->\n<title>InMode Lumecca \/ DiolazeXL \/ Morpheus 8 \/ Forma - SkinPRO<\/title>\n<meta name=\"description\" content=\"InMode Lumecca \/ DiolazeXL \/ Morpheus 8 - Unik\u0101ls izgudrojums, ko paveikusi Izra\u0113las komp\u0101nija INMODE Aesthetic Solution.\" \/>\n<meta name=\"robots\" content=\"index, follow, max-snippet:-1, max-image-preview:large, max-video-preview:-1\" \/>\n<link rel=\"canonical\" href=\"https:\/\/skinprodaugavpils.lv\/en\/ierices\/inmode-lumecca-diolazexl\/\" \/>\n<meta property=\"og:locale\" content=\"en_US\" \/>\n<meta property=\"og:type\" content=\"article\" \/>\n<meta property=\"og:title\" content=\"InMode Lumecca \/ DiolazeXL \/ Morpheus 8 \/ Forma\" \/>\n<meta property=\"og:description\" content=\"InMode Lumecca \/ DiolazeXL \/ Morpheus 8 - Unik\u0101ls izgudrojums, ko paveikusi Izra\u0113las komp\u0101nija INMODE Aesthetic Solution.\" \/>\n<meta property=\"og:url\" content=\"https:\/\/skinprodaugavpils.lv\/en\/ierices\/inmode-lumecca-diolazexl\/\" \/>\n<meta property=\"og:site_name\" content=\"SkinPRO\" \/>\n<meta property=\"article:publisher\" content=\"https:\/\/www.facebook.com\/Skinpro.lv\" \/>\n<meta property=\"article:modified_time\" content=\"2024-07-06T13:26:15+00:00\" \/>\n<meta property=\"og:image\" content=\"https:\/\/skinprodaugavpils.lv\/wp-content\/uploads\/2023\/02\/inmode.webp\" \/>\n\t<meta property=\"og:image:width\" content=\"1735\" \/>\n\t<meta property=\"og:image:height\" content=\"1943\" \/>\n\t<meta property=\"og:image:type\" content=\"image\/webp\" \/>\n<meta name=\"twitter:card\" content=\"summary_large_image\" \/>\n<meta name=\"twitter:label1\" content=\"Est. reading time\" \/>\n\t<meta name=\"twitter:data1\" content=\"3 minutes\" \/>\n<script type=\"application\/ld+json\" class=\"yoast-schema-graph\">{\"@context\":\"https:\\\/\\\/schema.org\",\"@graph\":[{\"@type\":\"WebPage\",\"@id\":\"https:\\\/\\\/skinprodaugavpils.lv\\\/ierices\\\/inmode-lumecca-diolazexl\\\/\",\"url\":\"https:\\\/\\\/skinprodaugavpils.lv\\\/ierices\\\/inmode-lumecca-diolazexl\\\/\",\"name\":\"InMode Lumecca \\\/ DiolazeXL \\\/ Morpheus 8 \\\/ Forma - SkinPRO\",\"isPartOf\":{\"@id\":\"https:\\\/\\\/skinprodaugavpils.lv\\\/#website\"},\"primaryImageOfPage\":{\"@id\":\"https:\\\/\\\/skinprodaugavpils.lv\\\/ierices\\\/inmode-lumecca-diolazexl\\\/#primaryimage\"},\"image\":{\"@id\":\"https:\\\/\\\/skinprodaugavpils.lv\\\/ierices\\\/inmode-lumecca-diolazexl\\\/#primaryimage\"},\"thumbnailUrl\":\"https:\\\/\\\/skinprodaugavpils.lv\\\/wp-content\\\/uploads\\\/2023\\\/02\\\/inmode.webp\",\"datePublished\":\"2022-04-18T15:37:00+00:00\",\"dateModified\":\"2024-07-06T13:26:15+00:00\",\"description\":\"InMode Lumecca \\\/ DiolazeXL \\\/ Morpheus 8 - Unik\u0101ls izgudrojums, ko paveikusi Izra\u0113las komp\u0101nija INMODE Aesthetic Solution.\",\"breadcrumb\":{\"@id\":\"https:\\\/\\\/skinprodaugavpils.lv\\\/ierices\\\/inmode-lumecca-diolazexl\\\/#breadcrumb\"},\"inLanguage\":\"en-US\",\"potentialAction\":[{\"@type\":\"ReadAction\",\"target\":[\"https:\\\/\\\/skinprodaugavpils.lv\\\/ierices\\\/inmode-lumecca-diolazexl\\\/\"]}]},{\"@type\":\"ImageObject\",\"inLanguage\":\"en-US\",\"@id\":\"https:\\\/\\\/skinprodaugavpils.lv\\\/ierices\\\/inmode-lumecca-diolazexl\\\/#primaryimage\",\"url\":\"https:\\\/\\\/skinprodaugavpils.lv\\\/wp-content\\\/uploads\\\/2023\\\/02\\\/inmode.webp\",\"contentUrl\":\"https:\\\/\\\/skinprodaugavpils.lv\\\/wp-content\\\/uploads\\\/2023\\\/02\\\/inmode.webp\",\"width\":1735,\"height\":1943,\"caption\":\"InMode L\u0101zerepil\u0101cija un IPL\"},{\"@type\":\"BreadcrumbList\",\"@id\":\"https:\\\/\\\/skinprodaugavpils.lv\\\/ierices\\\/inmode-lumecca-diolazexl\\\/#breadcrumb\",\"itemListElement\":[{\"@type\":\"ListItem\",\"position\":1,\"name\":\"Galven\u0101\",\"item\":\"https:\\\/\\\/skinprodaugavpils.lv\\\/\"},{\"@type\":\"ListItem\",\"position\":2,\"name\":\"Ier\u012bces\",\"item\":\"https:\\\/\\\/skinprodaugavpils.lv\\\/ierices\\\/\"},{\"@type\":\"ListItem\",\"position\":3,\"name\":\"InMode Lumecca \\\/ DiolazeXL \\\/ Morpheus 8 \\\/ Forma\"}]},{\"@type\":\"WebSite\",\"@id\":\"https:\\\/\\\/skinprodaugavpils.lv\\\/#website\",\"url\":\"https:\\\/\\\/skinprodaugavpils.lv\\\/\",\"name\":\"SkinPRO\",\"description\":\"L\u0101zerepil\u0101cijas un kosmetolo\u0123ijas centrs\",\"publisher\":{\"@id\":\"https:\\\/\\\/skinprodaugavpils.lv\\\/#organization\"},\"potentialAction\":[{\"@type\":\"SearchAction\",\"target\":{\"@type\":\"EntryPoint\",\"urlTemplate\":\"https:\\\/\\\/skinprodaugavpils.lv\\\/?s={search_term_string}\"},\"query-input\":{\"@type\":\"PropertyValueSpecification\",\"valueRequired\":true,\"valueName\":\"search_term_string\"}}],\"inLanguage\":\"en-US\"},{\"@type\":\"Organization\",\"@id\":\"https:\\\/\\\/skinprodaugavpils.lv\\\/#organization\",\"name\":\"L\u0101zerepil\u0101cijas un kosmetolo\u0123ijas centrs SkinPRO\",\"url\":\"https:\\\/\\\/skinprodaugavpils.lv\\\/\",\"logo\":{\"@type\":\"ImageObject\",\"inLanguage\":\"en-US\",\"@id\":\"https:\\\/\\\/skinprodaugavpils.lv\\\/#\\\/schema\\\/logo\\\/image\\\/\",\"url\":\"https:\\\/\\\/skinprodaugavpils.lv\\\/wp-content\\\/uploads\\\/2022\\\/04\\\/logo-dark.svg\",\"contentUrl\":\"https:\\\/\\\/skinprodaugavpils.lv\\\/wp-content\\\/uploads\\\/2022\\\/04\\\/logo-dark.svg\",\"width\":615,\"height\":160,\"caption\":\"L\u0101zerepil\u0101cijas un kosmetolo\u0123ijas centrs SkinPRO\"},\"image\":{\"@id\":\"https:\\\/\\\/skinprodaugavpils.lv\\\/#\\\/schema\\\/logo\\\/image\\\/\"},\"sameAs\":[\"https:\\\/\\\/www.facebook.com\\\/Skinpro.lv\",\"https:\\\/\\\/www.instagram.com\\\/skinpro_lv\\\/\"]}]}<\/script>\n<!-- \/ Yoast SEO Premium plugin. -->","yoast_head_json":{"title":"InMode Lumecca \/ DiolazeXL \/ Morpheus 8 \/ Forma - SkinPRO","description":"InMode Lumecca \/ DiolazeXL \/ Morpheus 8 - Unik\u0101ls izgudrojums, ko paveikusi Izra\u0113las komp\u0101nija INMODE Aesthetic Solution.","robots":{"index":"index","follow":"follow","max-snippet":"max-snippet:-1","max-image-preview":"max-image-preview:large","max-video-preview":"max-video-preview:-1"},"canonical":"https:\/\/skinprodaugavpils.lv\/en\/ierices\/inmode-lumecca-diolazexl\/","og_locale":"en_US","og_type":"article","og_title":"InMode Lumecca \/ DiolazeXL \/ Morpheus 8 \/ Forma","og_description":"InMode Lumecca \/ DiolazeXL \/ Morpheus 8 - Unik\u0101ls izgudrojums, ko paveikusi Izra\u0113las komp\u0101nija INMODE Aesthetic Solution.","og_url":"https:\/\/skinprodaugavpils.lv\/en\/ierices\/inmode-lumecca-diolazexl\/","og_site_name":"SkinPRO","article_publisher":"https:\/\/www.facebook.com\/Skinpro.lv","article_modified_time":"2024-07-06T13:26:15+00:00","og_image":[{"width":1735,"height":1943,"url":"https:\/\/skinprodaugavpils.lv\/wp-content\/uploads\/2023\/02\/inmode.webp","type":"image\/webp"}],"twitter_card":"summary_large_image","twitter_misc":{"Est. reading time":"3 minutes"},"schema":{"@context":"https:\/\/schema.org","@graph":[{"@type":"WebPage","@id":"https:\/\/skinprodaugavpils.lv\/ierices\/inmode-lumecca-diolazexl\/","url":"https:\/\/skinprodaugavpils.lv\/ierices\/inmode-lumecca-diolazexl\/","name":"InMode Lumecca \/ DiolazeXL \/ Morpheus 8 \/ Forma - SkinPRO","isPartOf":{"@id":"https:\/\/skinprodaugavpils.lv\/#website"},"primaryImageOfPage":{"@id":"https:\/\/skinprodaugavpils.lv\/ierices\/inmode-lumecca-diolazexl\/#primaryimage"},"image":{"@id":"https:\/\/skinprodaugavpils.lv\/ierices\/inmode-lumecca-diolazexl\/#primaryimage"},"thumbnailUrl":"https:\/\/skinprodaugavpils.lv\/wp-content\/uploads\/2023\/02\/inmode.webp","datePublished":"2022-04-18T15:37:00+00:00","dateModified":"2024-07-06T13:26:15+00:00","description":"InMode Lumecca \/ DiolazeXL \/ Morpheus 8 - Unik\u0101ls izgudrojums, ko paveikusi Izra\u0113las komp\u0101nija INMODE Aesthetic Solution.","breadcrumb":{"@id":"https:\/\/skinprodaugavpils.lv\/ierices\/inmode-lumecca-diolazexl\/#breadcrumb"},"inLanguage":"en-US","potentialAction":[{"@type":"ReadAction","target":["https:\/\/skinprodaugavpils.lv\/ierices\/inmode-lumecca-diolazexl\/"]}]},{"@type":"ImageObject","inLanguage":"en-US","@id":"https:\/\/skinprodaugavpils.lv\/ierices\/inmode-lumecca-diolazexl\/#primaryimage","url":"https:\/\/skinprodaugavpils.lv\/wp-content\/uploads\/2023\/02\/inmode.webp","contentUrl":"https:\/\/skinprodaugavpils.lv\/wp-content\/uploads\/2023\/02\/inmode.webp","width":1735,"height":1943,"caption":"InMode L\u0101zerepil\u0101cija un IPL"},{"@type":"BreadcrumbList","@id":"https:\/\/skinprodaugavpils.lv\/ierices\/inmode-lumecca-diolazexl\/#breadcrumb","itemListElement":[{"@type":"ListItem","position":1,"name":"Galven\u0101","item":"https:\/\/skinprodaugavpils.lv\/"},{"@type":"ListItem","position":2,"name":"Ier\u012bces","item":"https:\/\/skinprodaugavpils.lv\/ierices\/"},{"@type":"ListItem","position":3,"name":"InMode Lumecca \/ DiolazeXL \/ Morpheus 8 \/ Forma"}]},{"@type":"WebSite","@id":"https:\/\/skinprodaugavpils.lv\/#website","url":"https:\/\/skinprodaugavpils.lv\/","name":"SkinPRO","description":"Center of laser hair removal and cosmetology","publisher":{"@id":"https:\/\/skinprodaugavpils.lv\/#organization"},"potentialAction":[{"@type":"SearchAction","target":{"@type":"EntryPoint","urlTemplate":"https:\/\/skinprodaugavpils.lv\/?s={search_term_string}"},"query-input":{"@type":"PropertyValueSpecification","valueRequired":true,"valueName":"search_term_string"}}],"inLanguage":"en-US"},{"@type":"Organization","@id":"https:\/\/skinprodaugavpils.lv\/#organization","name":"L\u0101zerepil\u0101cijas un kosmetolo\u0123ijas centrs SkinPRO","url":"https:\/\/skinprodaugavpils.lv\/","logo":{"@type":"ImageObject","inLanguage":"en-US","@id":"https:\/\/skinprodaugavpils.lv\/#\/schema\/logo\/image\/","url":"https:\/\/skinprodaugavpils.lv\/wp-content\/uploads\/2022\/04\/logo-dark.svg","contentUrl":"https:\/\/skinprodaugavpils.lv\/wp-content\/uploads\/2022\/04\/logo-dark.svg","width":615,"height":160,"caption":"L\u0101zerepil\u0101cijas un kosmetolo\u0123ijas centrs SkinPRO"},"image":{"@id":"https:\/\/skinprodaugavpils.lv\/#\/schema\/logo\/image\/"},"sameAs":["https:\/\/www.facebook.com\/Skinpro.lv","https:\/\/www.instagram.com\/skinpro_lv\/"]}]}},"_links":{"self":[{"href":"https:\/\/skinprodaugavpils.lv\/en\/wp-json\/wp\/v2\/pages\/6159","targetHints":{"allow":["GET"]}}],"collection":[{"href":"https:\/\/skinprodaugavpils.lv\/en\/wp-json\/wp\/v2\/pages"}],"about":[{"href":"https:\/\/skinprodaugavpils.lv\/en\/wp-json\/wp\/v2\/types\/page"}],"author":[{"embeddable":true,"href":"https:\/\/skinprodaugavpils.lv\/en\/wp-json\/wp\/v2\/users\/3"}],"replies":[{"embeddable":true,"href":"https:\/\/skinprodaugavpils.lv\/en\/wp-json\/wp\/v2\/comments?post=6159"}],"version-history":[{"count":0,"href":"https:\/\/skinprodaugavpils.lv\/en\/wp-json\/wp\/v2\/pages\/6159\/revisions"}],"up":[{"embeddable":true,"href":"https:\/\/skinprodaugavpils.lv\/en\/wp-json\/wp\/v2\/pages\/1477"}],"wp:featuredmedia":[{"embeddable":true,"href":"https:\/\/skinprodaugavpils.lv\/en\/wp-json\/wp\/v2\/media\/6160"}],"wp:attachment":[{"href":"https:\/\/skinprodaugavpils.lv\/en\/wp-json\/wp\/v2\/media?parent=6159"}],"curies":[{"name":"wp","href":"https:\/\/api.w.org\/{rel}","templated":true}]}}