{"id":1477,"date":"2022-04-13T15:42:54","date_gmt":"2022-04-13T12:42:54","guid":{"rendered":"https:\/\/skinprodaugavpils.lv\/?page_id=1477"},"modified":"2024-07-06T16:23:01","modified_gmt":"2024-07-06T13:23:01","slug":"ierices","status":"publish","type":"page","link":"https:\/\/skinprodaugavpils.lv\/ru\/ierices\/","title":{"rendered":"\u041e\u0431\u043e\u0440\u0443\u0434\u043e\u0432\u0430\u043d\u0438\u0435"},"content":{"rendered":"<div data-elementor-type=\"wp-page\" data-elementor-id=\"1477\" class=\"elementor elementor-1477\" data-elementor-post-type=\"page\">\n\t\t\t\t<div class=\"elementor-element elementor-element-7050f1c xts-section-stretch e-flex e-con-boxed e-con e-parent\" data-id=\"7050f1c\" data-element_type=\"container\">\n\t\t\t\t\t<div class=\"e-con-inner\">\n\t\t<div class=\"elementor-element elementor-element-bd381c4 e-con-full e-flex xts-section-disabled e-con e-child\" data-id=\"bd381c4\" data-element_type=\"container\">\n\t\t\t\t<div class=\"elementor-element elementor-element-38516fe elementor-grid-3 elementor-grid-tablet-2 elementor-grid-mobile-1 elementor-posts--thumbnail-top elementor-card-shadow-yes elementor-posts__hover-gradient elementor-widget elementor-widget-posts\" data-id=\"38516fe\" data-element_type=\"widget\" data-settings=\"{&quot;cards_columns&quot;:&quot;3&quot;,&quot;cards_columns_tablet&quot;:&quot;2&quot;,&quot;cards_columns_mobile&quot;:&quot;1&quot;,&quot;cards_row_gap&quot;:{&quot;unit&quot;:&quot;px&quot;,&quot;size&quot;:35,&quot;sizes&quot;:[]},&quot;cards_row_gap_tablet&quot;:{&quot;unit&quot;:&quot;px&quot;,&quot;size&quot;:&quot;&quot;,&quot;sizes&quot;:[]},&quot;cards_row_gap_mobile&quot;:{&quot;unit&quot;:&quot;px&quot;,&quot;size&quot;:&quot;&quot;,&quot;sizes&quot;:[]}}\" data-widget_type=\"posts.cards\">\n\t\t\t\t<div class=\"elementor-widget-container\">\n\t\t\t\t\t<div class=\"elementor-posts-container elementor-posts elementor-posts--skin-cards elementor-grid\">\n\t\t\t\t<article class=\"elementor-post elementor-grid-item post-6159 page type-page status-publish has-post-thumbnail hentry\">\n\t\t\t<div class=\"elementor-post__card\">\n\t\t\t\t<a class=\"elementor-post__thumbnail__link\" href=\"https:\/\/skinprodaugavpils.lv\/ru\/ierices\/inmode-lumecca-diolazexl\/\" tabindex=\"-1\" ><div class=\"elementor-post__thumbnail\"><img fetchpriority=\"high\" decoding=\"async\" width=\"1735\" height=\"1943\" src=\"https:\/\/skinprodaugavpils.lv\/wp-content\/uploads\/2023\/02\/inmode.webp\" class=\"attachment-full size-full wp-image-6160\" alt=\"InMode L\u0101zerepil\u0101cija un IPL\" srcset=\"https:\/\/skinprodaugavpils.lv\/wp-content\/uploads\/2023\/02\/inmode.webp 1735w, https:\/\/skinprodaugavpils.lv\/wp-content\/uploads\/2023\/02\/inmode-268x300.webp 268w, https:\/\/skinprodaugavpils.lv\/wp-content\/uploads\/2023\/02\/inmode-914x1024.webp 914w, https:\/\/skinprodaugavpils.lv\/wp-content\/uploads\/2023\/02\/inmode-768x860.webp 768w, https:\/\/skinprodaugavpils.lv\/wp-content\/uploads\/2023\/02\/inmode-1372x1536.webp 1372w, https:\/\/skinprodaugavpils.lv\/wp-content\/uploads\/2023\/02\/inmode-11x12.webp 11w\" sizes=\"(max-width: 1735px) 100vw, 1735px\" title=\"InMode Lumecca \/ DiolazeXL \/ Morpheus 8 \/ Forma\" \/><\/div><\/a>\n\t\t\t\t<div class=\"elementor-post__text\">\n\t\t\t\t<h3 class=\"elementor-post__title\">\n\t\t\t<a href=\"https:\/\/skinprodaugavpils.lv\/ru\/ierices\/inmode-lumecca-diolazexl\/\" >\n\t\t\t\tInMode Lumecca \/ DiolazeXL \/ Morpheus 8 \/ Forma\t\t\t<\/a>\n\t\t<\/h3>\n\t\t\t\t<div class=\"elementor-post__excerpt\">\n\t\t\t<p>\u0423\u043d\u0438\u043a\u0430\u043b\u044c\u043d\u0430\u044f \u0440\u0430\u0437\u0440\u0430\u0431\u043e\u0442\u043a\u0430 \u0438\u0437\u0440\u0430\u0438\u043b\u044c\u0441\u043a\u043e\u0439 \u043a\u043e\u043c\u043f\u0430\u043d\u0438\u0438 INMODE Aesthetic Solution (\u0418\u0437\u0440\u0430\u0438\u043b\u044c) \u043c\u043d\u043e\u0433\u043e\u0444\u0443\u043d\u043a\u0446\u0438\u043e\u043d\u0430\u043b\u044c\u043d\u0430\u044f \u043f\u043b\u0430\u0442\u0444\u043e\u0440\u043c\u0430 InMode \u043f\u0440\u0435\u0434\u0441\u0442\u0430\u0432\u043b\u044f\u0435\u0442 \u0441\u043e\u0431\u043e\u0439 \u043f\u0440\u043e\u0440\u044b\u0432 \u0432 \u0441\u0444\u0435\u0440\u0435 \u044d\u0441\u0442\u0435\u0442\u0438\u0447\u0435\u0441\u043a\u043e\u0439 \u043c\u0435\u0434\u0438\u0446\u0438\u043d\u044b, \u043f\u0440\u0435\u0434\u043b\u0430\u0433\u0430\u044f \u043c\u0430\u043b\u043e\u0438\u043d\u0432\u0430\u0437\u0438\u0432\u043d\u044b\u0435 \u0438 \u043d\u0435\u0438\u043d\u0432\u0430\u0437\u0438\u0432\u043d\u044b\u0435 \u043c\u0435\u0442\u043e\u0434\u0438\u043a\u0438<\/p>\n\t\t<\/div>\n\t\t\n\t\t<a class=\"elementor-post__read-more\" href=\"https:\/\/skinprodaugavpils.lv\/ru\/ierices\/inmode-lumecca-diolazexl\/\" aria-label=\"Read more about InMode Lumecca \/ DiolazeXL \/ Morpheus 8 \/ Forma\" tabindex=\"-1\" >\n\t\t\t\u0427\u0438\u0442\u0430\u0442\u044c \u0434\u0430\u043b\u044c\u0448\u0435 \u00bb\t\t<\/a>\n\n\t\t\t\t<\/div>\n\t\t\t\t\t<\/div>\n\t\t<\/article>\n\t\t\t\t<\/div>\n\t\t\n\t\t\t\t<\/div>\n\t\t\t\t<\/div>\n\t\t\t\t<\/div>\n\t\t\t\t\t<\/div>\n\t\t\t\t<\/div>\n\t\t\t\t<\/div>","protected":false},"excerpt":{"rendered":"","protected":false},"author":3,"featured_media":2261,"parent":0,"menu_order":0,"comment_status":"closed","ping_status":"closed","template":"","meta":{"footnotes":""},"class_list":["post-1477","page","type-page","status-publish","has-post-thumbnail","hentry"],"yoast_head":"<!-- This site is optimized with the Yoast SEO Premium plugin v20.11 (Yoast SEO v27.5) - https:\/\/yoast.com\/product\/yoast-seo-premium-wordpress\/ -->\n<title>L\u0101zerepil\u0101cijas un \u0137erme\u0146a korekcijas ier\u012bces - SkinPRO<\/title>\n<meta name=\"description\" content=\"R\u016bp\u0113joties par jums, m\u0113s izmantojam jaun\u0101ko profesion\u0101los ier\u012bces matu no\u0146em\u0161anai ar l\u0101zeru un \u0137erme\u0146a veido\u0161anai no It\u0101lijas un Izra\u0113las\" \/>\n<meta name=\"robots\" content=\"index, follow, max-snippet:-1, max-image-preview:large, max-video-preview:-1\" \/>\n<link rel=\"canonical\" href=\"https:\/\/skinprodaugavpils.lv\/ru\/ierices\/\" \/>\n<meta property=\"og:locale\" content=\"ru_RU\" \/>\n<meta property=\"og:type\" content=\"article\" \/>\n<meta property=\"og:title\" content=\"Ier\u012bces\" \/>\n<meta property=\"og:description\" content=\"R\u016bp\u0113joties par jums, m\u0113s izmantojam jaun\u0101ko profesion\u0101los ier\u012bces matu no\u0146em\u0161anai ar l\u0101zeru un \u0137erme\u0146a veido\u0161anai no It\u0101lijas un Izra\u0113las\" \/>\n<meta property=\"og:url\" content=\"https:\/\/skinprodaugavpils.lv\/ru\/ierices\/\" \/>\n<meta property=\"og:site_name\" content=\"SkinPRO\" \/>\n<meta property=\"article:publisher\" content=\"https:\/\/www.facebook.com\/Skinpro.lv\" \/>\n<meta property=\"article:modified_time\" content=\"2024-07-06T13:23:01+00:00\" \/>\n<meta property=\"og:image\" content=\"https:\/\/skinprodaugavpils.lv\/wp-content\/uploads\/2022\/04\/mediostar-monolith.webp\" \/>\n\t<meta property=\"og:image:width\" content=\"2442\" \/>\n\t<meta property=\"og:image:height\" content=\"1610\" \/>\n\t<meta property=\"og:image:type\" content=\"image\/webp\" \/>\n<meta name=\"twitter:card\" content=\"summary_large_image\" \/>\n<meta name=\"twitter:label1\" content=\"\u041f\u0440\u0438\u043c\u0435\u0440\u043d\u043e\u0435 \u0432\u0440\u0435\u043c\u044f \u0434\u043b\u044f \u0447\u0442\u0435\u043d\u0438\u044f\" \/>\n\t<meta name=\"twitter:data1\" content=\"1 \u043c\u0438\u043d\u0443\u0442\u0430\" \/>\n<script type=\"application\/ld+json\" class=\"yoast-schema-graph\">{\"@context\":\"https:\\\/\\\/schema.org\",\"@graph\":[{\"@type\":\"WebPage\",\"@id\":\"https:\\\/\\\/skinprodaugavpils.lv\\\/ierices\\\/\",\"url\":\"https:\\\/\\\/skinprodaugavpils.lv\\\/ierices\\\/\",\"name\":\"L\u0101zerepil\u0101cijas un \u0137erme\u0146a korekcijas ier\u012bces - SkinPRO\",\"isPartOf\":{\"@id\":\"https:\\\/\\\/skinprodaugavpils.lv\\\/#website\"},\"primaryImageOfPage\":{\"@id\":\"https:\\\/\\\/skinprodaugavpils.lv\\\/ierices\\\/#primaryimage\"},\"image\":{\"@id\":\"https:\\\/\\\/skinprodaugavpils.lv\\\/ierices\\\/#primaryimage\"},\"thumbnailUrl\":\"https:\\\/\\\/skinprodaugavpils.lv\\\/wp-content\\\/uploads\\\/2022\\\/04\\\/mediostar-monolith.webp\",\"datePublished\":\"2022-04-13T12:42:54+00:00\",\"dateModified\":\"2024-07-06T13:23:01+00:00\",\"description\":\"R\u016bp\u0113joties par jums, m\u0113s izmantojam jaun\u0101ko profesion\u0101los ier\u012bces matu no\u0146em\u0161anai ar l\u0101zeru un \u0137erme\u0146a veido\u0161anai no It\u0101lijas un Izra\u0113las\",\"breadcrumb\":{\"@id\":\"https:\\\/\\\/skinprodaugavpils.lv\\\/ierices\\\/#breadcrumb\"},\"inLanguage\":\"ru-RU\",\"potentialAction\":[{\"@type\":\"ReadAction\",\"target\":[\"https:\\\/\\\/skinprodaugavpils.lv\\\/ierices\\\/\"]}]},{\"@type\":\"ImageObject\",\"inLanguage\":\"ru-RU\",\"@id\":\"https:\\\/\\\/skinprodaugavpils.lv\\\/ierices\\\/#primaryimage\",\"url\":\"https:\\\/\\\/skinprodaugavpils.lv\\\/wp-content\\\/uploads\\\/2022\\\/04\\\/mediostar-monolith.webp\",\"contentUrl\":\"https:\\\/\\\/skinprodaugavpils.lv\\\/wp-content\\\/uploads\\\/2022\\\/04\\\/mediostar-monolith.webp\",\"width\":2442,\"height\":1610,\"caption\":\"Mediostar Monolith l\u0101zerepil\u0101cijas ier\u012bce\"},{\"@type\":\"BreadcrumbList\",\"@id\":\"https:\\\/\\\/skinprodaugavpils.lv\\\/ierices\\\/#breadcrumb\",\"itemListElement\":[{\"@type\":\"ListItem\",\"position\":1,\"name\":\"Galven\u0101\",\"item\":\"https:\\\/\\\/skinprodaugavpils.lv\\\/\"},{\"@type\":\"ListItem\",\"position\":2,\"name\":\"Ier\u012bces\"}]},{\"@type\":\"WebSite\",\"@id\":\"https:\\\/\\\/skinprodaugavpils.lv\\\/#website\",\"url\":\"https:\\\/\\\/skinprodaugavpils.lv\\\/\",\"name\":\"SkinPRO\",\"description\":\"L\u0101zerepil\u0101cijas un kosmetolo\u0123ijas centrs\",\"publisher\":{\"@id\":\"https:\\\/\\\/skinprodaugavpils.lv\\\/#organization\"},\"potentialAction\":[{\"@type\":\"SearchAction\",\"target\":{\"@type\":\"EntryPoint\",\"urlTemplate\":\"https:\\\/\\\/skinprodaugavpils.lv\\\/?s={search_term_string}\"},\"query-input\":{\"@type\":\"PropertyValueSpecification\",\"valueRequired\":true,\"valueName\":\"search_term_string\"}}],\"inLanguage\":\"ru-RU\"},{\"@type\":\"Organization\",\"@id\":\"https:\\\/\\\/skinprodaugavpils.lv\\\/#organization\",\"name\":\"L\u0101zerepil\u0101cijas un kosmetolo\u0123ijas centrs SkinPRO\",\"url\":\"https:\\\/\\\/skinprodaugavpils.lv\\\/\",\"logo\":{\"@type\":\"ImageObject\",\"inLanguage\":\"ru-RU\",\"@id\":\"https:\\\/\\\/skinprodaugavpils.lv\\\/#\\\/schema\\\/logo\\\/image\\\/\",\"url\":\"https:\\\/\\\/skinprodaugavpils.lv\\\/wp-content\\\/uploads\\\/2022\\\/04\\\/logo-dark.svg\",\"contentUrl\":\"https:\\\/\\\/skinprodaugavpils.lv\\\/wp-content\\\/uploads\\\/2022\\\/04\\\/logo-dark.svg\",\"width\":615,\"height\":160,\"caption\":\"L\u0101zerepil\u0101cijas un kosmetolo\u0123ijas centrs SkinPRO\"},\"image\":{\"@id\":\"https:\\\/\\\/skinprodaugavpils.lv\\\/#\\\/schema\\\/logo\\\/image\\\/\"},\"sameAs\":[\"https:\\\/\\\/www.facebook.com\\\/Skinpro.lv\",\"https:\\\/\\\/www.instagram.com\\\/skinpro_lv\\\/\"]}]}<\/script>\n<!-- \/ Yoast SEO Premium plugin. -->","yoast_head_json":{"title":"\u041e\u0431\u043e\u0440\u0443\u0434\u043e\u0432\u0430\u043d\u0438\u0435 \u043b\u0430\u0437\u0435\u0440\u043d\u043e\u0439 \u044d\u043f\u0438\u043b\u044f\u0446\u0438\u0438 \u0438 \u0430\u043f\u043f\u0430\u0440\u0430\u0442\u043d\u043e\u0439 \u043a\u043e\u0440\u0440\u0435\u043a\u0446\u0438\u0438 \u0442\u0435\u043b\u0430 - SkinPRO","description":"\u041e\u0431\u043e\u0440\u0443\u0434\u043e\u0432\u0430\u043d\u0438\u0435 \u0432\u044b\u0441\u043e\u0447\u044f\u0439\u0448\u0435\u0433\u043e \u043a\u0430\u0447\u0435\u0441\u0442\u0432\u0430 \u043f\u043e\u0437\u0432\u043e\u043b\u044f\u0435\u0442 \u0437\u0430\u0431\u043e\u0442\u0438\u0442\u044c\u0441\u044f \u043e \u0432\u0430\u0441 \u0438 \u043f\u0435\u0440\u0434\u043e\u0441\u0442\u0430\u0432\u043b\u044f\u0442\u044c \u043b\u0443\u0447\u0448\u0438\u0439 \u0438\u0437 \u0432\u043e\u0437\u0441\u043e\u0436\u043d\u044b\u0445 \u0441\u0435\u0440\u0432\u0438\u0441","robots":{"index":"index","follow":"follow","max-snippet":"max-snippet:-1","max-image-preview":"max-image-preview:large","max-video-preview":"max-video-preview:-1"},"canonical":"https:\/\/skinprodaugavpils.lv\/ru\/ierices\/","og_locale":"ru_RU","og_type":"article","og_title":"Ier\u012bces","og_description":"R\u016bp\u0113joties par jums, m\u0113s izmantojam jaun\u0101ko profesion\u0101los ier\u012bces matu no\u0146em\u0161anai ar l\u0101zeru un \u0137erme\u0146a veido\u0161anai no It\u0101lijas un Izra\u0113las","og_url":"https:\/\/skinprodaugavpils.lv\/ru\/ierices\/","og_site_name":"SkinPRO","article_publisher":"https:\/\/www.facebook.com\/Skinpro.lv","article_modified_time":"2024-07-06T13:23:01+00:00","og_image":[{"width":2442,"height":1610,"url":"https:\/\/skinprodaugavpils.lv\/wp-content\/uploads\/2022\/04\/mediostar-monolith.webp","type":"image\/webp"}],"twitter_card":"summary_large_image","twitter_misc":{"\u041f\u0440\u0438\u043c\u0435\u0440\u043d\u043e\u0435 \u0432\u0440\u0435\u043c\u044f \u0434\u043b\u044f \u0447\u0442\u0435\u043d\u0438\u044f":"1 \u043c\u0438\u043d\u0443\u0442\u0430"},"schema":{"@context":"https:\/\/schema.org","@graph":[{"@type":"WebPage","@id":"https:\/\/skinprodaugavpils.lv\/ierices\/","url":"https:\/\/skinprodaugavpils.lv\/ierices\/","name":"\u041e\u0431\u043e\u0440\u0443\u0434\u043e\u0432\u0430\u043d\u0438\u0435 \u043b\u0430\u0437\u0435\u0440\u043d\u043e\u0439 \u044d\u043f\u0438\u043b\u044f\u0446\u0438\u0438 \u0438 \u0430\u043f\u043f\u0430\u0440\u0430\u0442\u043d\u043e\u0439 \u043a\u043e\u0440\u0440\u0435\u043a\u0446\u0438\u0438 \u0442\u0435\u043b\u0430 - SkinPRO","isPartOf":{"@id":"https:\/\/skinprodaugavpils.lv\/#website"},"primaryImageOfPage":{"@id":"https:\/\/skinprodaugavpils.lv\/ierices\/#primaryimage"},"image":{"@id":"https:\/\/skinprodaugavpils.lv\/ierices\/#primaryimage"},"thumbnailUrl":"https:\/\/skinprodaugavpils.lv\/wp-content\/uploads\/2022\/04\/mediostar-monolith.webp","datePublished":"2022-04-13T12:42:54+00:00","dateModified":"2024-07-06T13:23:01+00:00","description":"\u041e\u0431\u043e\u0440\u0443\u0434\u043e\u0432\u0430\u043d\u0438\u0435 \u0432\u044b\u0441\u043e\u0447\u044f\u0439\u0448\u0435\u0433\u043e \u043a\u0430\u0447\u0435\u0441\u0442\u0432\u0430 \u043f\u043e\u0437\u0432\u043e\u043b\u044f\u0435\u0442 \u0437\u0430\u0431\u043e\u0442\u0438\u0442\u044c\u0441\u044f \u043e \u0432\u0430\u0441 \u0438 \u043f\u0435\u0440\u0434\u043e\u0441\u0442\u0430\u0432\u043b\u044f\u0442\u044c \u043b\u0443\u0447\u0448\u0438\u0439 \u0438\u0437 \u0432\u043e\u0437\u0441\u043e\u0436\u043d\u044b\u0445 \u0441\u0435\u0440\u0432\u0438\u0441","breadcrumb":{"@id":"https:\/\/skinprodaugavpils.lv\/ierices\/#breadcrumb"},"inLanguage":"ru-RU","potentialAction":[{"@type":"ReadAction","target":["https:\/\/skinprodaugavpils.lv\/ierices\/"]}]},{"@type":"ImageObject","inLanguage":"ru-RU","@id":"https:\/\/skinprodaugavpils.lv\/ierices\/#primaryimage","url":"https:\/\/skinprodaugavpils.lv\/wp-content\/uploads\/2022\/04\/mediostar-monolith.webp","contentUrl":"https:\/\/skinprodaugavpils.lv\/wp-content\/uploads\/2022\/04\/mediostar-monolith.webp","width":2442,"height":1610,"caption":"Mediostar Monolith l\u0101zerepil\u0101cijas ier\u012bce"},{"@type":"BreadcrumbList","@id":"https:\/\/skinprodaugavpils.lv\/ierices\/#breadcrumb","itemListElement":[{"@type":"ListItem","position":1,"name":"Galven\u0101","item":"https:\/\/skinprodaugavpils.lv\/"},{"@type":"ListItem","position":2,"name":"Ier\u012bces"}]},{"@type":"WebSite","@id":"https:\/\/skinprodaugavpils.lv\/#website","url":"https:\/\/skinprodaugavpils.lv\/","name":"SkinPRO","description":"\u0426\u0435\u043d\u0442\u0440 \u043b\u0430\u0437\u0435\u0440\u043d\u043e\u0439 \u044d\u043f\u0438\u043b\u044f\u0446\u0438\u0438 \u0438 \u043a\u043e\u0441\u043c\u0435\u0442\u043e\u043b\u043e\u0433\u0438\u0438","publisher":{"@id":"https:\/\/skinprodaugavpils.lv\/#organization"},"potentialAction":[{"@type":"SearchAction","target":{"@type":"EntryPoint","urlTemplate":"https:\/\/skinprodaugavpils.lv\/?s={search_term_string}"},"query-input":{"@type":"PropertyValueSpecification","valueRequired":true,"valueName":"search_term_string"}}],"inLanguage":"ru-RU"},{"@type":"Organization","@id":"https:\/\/skinprodaugavpils.lv\/#organization","name":"\u0426\u0435\u043d\u0442\u0440 \u043b\u0430\u0437\u0435\u0440\u043d\u043e\u0439 \u044d\u043f\u0438\u043b\u044f\u0446\u0438\u0438 \u0438 \u0430\u043f\u043f\u0430\u0440\u0430\u0442\u043d\u043e\u0439 \u043a\u043e\u0440\u0440\u0435\u043a\u0446\u0438\u0438 \u0442\u0435\u043b\u0430 SkinPRO","url":"https:\/\/skinprodaugavpils.lv\/","logo":{"@type":"ImageObject","inLanguage":"ru-RU","@id":"https:\/\/skinprodaugavpils.lv\/#\/schema\/logo\/image\/","url":"https:\/\/skinprodaugavpils.lv\/wp-content\/uploads\/2022\/04\/logo-dark.svg","contentUrl":"https:\/\/skinprodaugavpils.lv\/wp-content\/uploads\/2022\/04\/logo-dark.svg","width":615,"height":160,"caption":"L\u0101zerepil\u0101cijas un kosmetolo\u0123ijas centrs SkinPRO"},"image":{"@id":"https:\/\/skinprodaugavpils.lv\/#\/schema\/logo\/image\/"},"sameAs":["https:\/\/www.facebook.com\/Skinpro.lv","https:\/\/www.instagram.com\/skinpro_lv\/"]}]}},"_links":{"self":[{"href":"https:\/\/skinprodaugavpils.lv\/ru\/wp-json\/wp\/v2\/pages\/1477","targetHints":{"allow":["GET"]}}],"collection":[{"href":"https:\/\/skinprodaugavpils.lv\/ru\/wp-json\/wp\/v2\/pages"}],"about":[{"href":"https:\/\/skinprodaugavpils.lv\/ru\/wp-json\/wp\/v2\/types\/page"}],"author":[{"embeddable":true,"href":"https:\/\/skinprodaugavpils.lv\/ru\/wp-json\/wp\/v2\/users\/3"}],"replies":[{"embeddable":true,"href":"https:\/\/skinprodaugavpils.lv\/ru\/wp-json\/wp\/v2\/comments?post=1477"}],"version-history":[{"count":0,"href":"https:\/\/skinprodaugavpils.lv\/ru\/wp-json\/wp\/v2\/pages\/1477\/revisions"}],"wp:featuredmedia":[{"embeddable":true,"href":"https:\/\/skinprodaugavpils.lv\/ru\/wp-json\/wp\/v2\/media\/2261"}],"wp:attachment":[{"href":"https:\/\/skinprodaugavpils.lv\/ru\/wp-json\/wp\/v2\/media?parent=1477"}],"curies":[{"name":"wp","href":"https:\/\/api.w.org\/{rel}","templated":true}]}}