{"id":3186,"date":"2022-07-18T17:15:56","date_gmt":"2022-07-18T14:15:56","guid":{"rendered":"https:\/\/skinprodaugavpils.lv\/?page_id=3186"},"modified":"2022-07-21T10:22:33","modified_gmt":"2022-07-21T07:22:33","slug":"skinpro-noteikumi","status":"publish","type":"page","link":"https:\/\/skinprodaugavpils.lv\/ru\/skinpro-noteikumi\/","title":{"rendered":"\u0423\u0441\u043b\u043e\u0432\u0438\u044f SkinPRO"},"content":{"rendered":"<div data-elementor-type=\"wp-page\" data-elementor-id=\"3186\" class=\"elementor elementor-3186\" data-elementor-post-type=\"page\">\n\t\t\t\t\t\t<section class=\"elementor-section elementor-top-section elementor-element elementor-element-b29c32b elementor-section-boxed elementor-section-height-default elementor-section-height-default xts-section-disabled\" data-id=\"b29c32b\" data-element_type=\"section\">\n\t\t\t\t\t\t<div class=\"elementor-container elementor-column-gap-default\">\n\t\t\t\t\t<div class=\"elementor-column elementor-col-100 elementor-top-column elementor-element elementor-element-c3c07fb\" data-id=\"c3c07fb\" data-element_type=\"column\">\n\t\t\t<div class=\"elementor-widget-wrap elementor-element-populated\">\n\t\t\t\t\t\t<div class=\"elementor-element elementor-element-38a850d xts-scheme-inherit xts-textalign-inherit elementor-widget elementor-widget-text-editor\" data-id=\"38a850d\" data-element_type=\"widget\" data-widget_type=\"text-editor.default\">\n\t\t\t\t<div class=\"elementor-widget-container\">\n\t\t\t\t\t\t\t<h1>\u041f\u0440\u0430\u0432\u0438\u043b\u0430 \u0438\u0441\u043f\u043e\u043b\u044c\u0437\u043e\u0432\u0430\u043d\u0438\u044f \u0430\u0431\u043e\u043d\u0435\u043c\u0435\u043d\u0442\u043e\u043c<\/h1><ol><li class=\"translation-block\">\u0421\u0440\u043e\u043a \u0434\u0435\u0439\u0441\u0442\u0432\u0438\u044f \u0430\u0431\u043e\u043d\u0435\u043c\u0435\u043d\u0442\u0430 <strong> 6 \u043c\u0435\u0441\u044f\u0446\u0435\u0432<\/strong> \u0441 \u043c\u043e\u043c\u0435\u043d\u0442\u0430 \u043f\u0440\u0438\u043e\u0431\u0440\u0435\u0442\u0435\u043d\u0438\u044f. \u0412 \u0441\u043b\u0443\u0447\u0430\u0435 \u043d\u0435 \u0438\u0441\u043f\u043e\u043b\u044c\u0437\u043e\u0432\u0430\u043d\u0438\u044f \u0443\u0441\u043b\u0443\u0433\u0438 - \u0441\u0443\u043c\u043c\u0430 \u043d\u0435 \u0432\u043e\u0437\u0432\u0440\u0430\u0449\u0430\u0435\u0442\u0441\u044f.<\/li><li>\u041f\u0440\u0438\u043e\u0431\u0440\u0435\u0442\u0430\u044f \u0430\u0431\u043e\u043d\u0435\u043c\u0435\u043d\u0442 \u043d\u0430 \u043e\u0434\u0438\u043d \u0438\u0437 \u0430\u043f\u043f\u0430\u0440\u0430\u0442\u043d\u044b\u0445 \u043c\u0430\u0441\u0441\u0430\u0436\u0435\u0439, \u0437\u0430\u043f\u0438\u0441\u044c \u0438\u0434\u0451\u0442 \u0438\u0441\u043a\u043b\u044e\u0447\u0438\u0442\u0435\u043b\u044c\u043d\u043e \u043d\u0430 \u0432\u044b\u0431\u0440\u0430\u043d\u043d\u0443\u044e \u043f\u0440\u043e\u0446\u0435\u0434\u0443\u0440\u0443 \u0438 \u0437\u0430\u043c\u0435\u043d\u0435 \u043d\u0435 \u043f\u043e\u0434\u043b\u0435\u0436\u0438\u0442.<\/li><li class=\"translation-block\">\u041f\u0440\u043e\u043f\u0438\u0441\u044b\u0432\u0430\u044f \u0432\u0435\u0441\u044c \u043a\u0443\u0440\u0441 \u043f\u0440\u043e\u0446\u0435\u0434\u0443\u0440 \u0437\u0430\u0440\u0430\u043d\u0435\u0435, \u043f\u0440\u043e\u0441\u0438\u043c \u0438\u043d\u0444\u043e\u0440\u043c\u0438\u0440\u043e\u0432\u0430\u0442\u044c \u043e\u0431 \u0438\u0437\u043c\u0435\u043d\u0435\u043d\u0438\u044f\u0445\/\u043e\u0442\u043c\u0435\u043d\u0430\u0445 \u043c\u0438\u043d\u0438\u043c\u0443\u043c \u0437\u0430 \u0434\u0432\u0430 \u0434\u043d\u044f, \u0435\u0441\u043b\u0438 \u043e\u0442\u043c\u0435\u043d\u0430 \u043f\u0440\u043e\u0438\u0441\u0445\u043e\u0434\u0438\u0442 \u043c\u0435\u043d\u0435\u0435 \u0447\u0435\u043c \u0437\u0430 <strong>24 \u0447\u0430\u0441\u0430 \u0434\u043e \u043f\u0440\u043e\u0446\u0435\u0434\u0443\u0440\u044b<\/strong>, \u0441\u0443\u043c\u043c\u0430 \u0437\u0430 \u0434\u0430\u043d\u043d\u0443\u044e \u043f\u0440\u043e\u0446\u0435\u0434\u0443\u0440\u0443 \u0441\u043d\u0438\u043c\u0430\u0435\u0442\u0441\u044f <strong>\u0432 100% \u043e\u0431\u044a\u0451\u043c\u0435<\/strong>.<\/li><li>\u0410\u0431\u043e\u043d\u0435\u043c\u0435\u043d\u0442 \u043f\u043e\u0434\u043b\u0435\u0436\u0438\u0442 \u0437\u0430\u043c\u043e\u0440\u043e\u0437\u043a\u0435, \u043b\u0438\u0431\u043e, \u0432\u043e\u0437\u0432\u0440\u0430\u0442\u0443 \u0441\u0440\u0435\u0434\u0441\u0442\u0432, \u0442\u043e\u043b\u044c\u043a\u043e \u043f\u043e \u043c\u0435\u0434\u0438\u0446\u0438\u043d\u0441\u043a\u0438\u043c \u043f\u043e\u043a\u0430\u0437\u0430\u043d\u0438\u044f\u043c, \u043f\u0440\u0438 \u043f\u0440\u0435\u0434\u044a\u044f\u0432\u043b\u0435\u043d\u0438\u0438 \u0441\u043f\u0440\u0430\u0432\u043a\u0438 \u043e\u0442 \u0432\u0440\u0430\u0447\u0430.<\/li><\/ol><p>\u0411\u043b\u0430\u0433\u043e\u0434\u0430\u0440\u0438\u043c \u0412\u0430\u0441 \u0437\u0430 \u043f\u043e\u043d\u0438\u043c\u0430\u043d\u0438\u0435,<\/p><p><strong>SkinPRO - \u0422\u0432\u043e\u0439 \u044d\u043a\u0441\u043f\u0435\u0440\u0442 \u043a\u0440\u0430\u0441\u043e\u0442\u044b!<\/strong><\/p>\t\t\t\t\t\t<\/div>\n\t\t\t\t<\/div>\n\t\t\t\t\t<\/div>\n\t\t<\/div>\n\t\t\t\t\t<\/div>\n\t\t<\/section>\n\t\t\t\t<\/div>","protected":false},"excerpt":{"rendered":"<p>Abonementu lieto\u0161anas noteikumi Abonementa der\u012bguma termi\u0146\u0161 ir 6 m\u0113ne\u0161i no ieg\u0101des datuma. Gadijum\u0101, ja pakalpojums nav izmantots &#8211; summa netiek atmaks\u0101ta. P\u0113rkot abonementu uz k\u0101du no mas\u0101\u017eas&nbsp;aparatproced\u016bru, pieraksts tiek veikts tikai uz izv\u0113l\u0113to proced\u016bru un main\u012bt uz citu proced\u016bru nav iesp\u0113jams. Iepriek\u0161 veicot pierakstu uz visu proced\u016bras kursu, par izmai\u0146\u0101m \/ atcel\u0161anu l\u016bgums inform\u0113t vismaz [&hellip;]<\/p>\n","protected":false},"author":3,"featured_media":1141,"parent":0,"menu_order":0,"comment_status":"closed","ping_status":"closed","template":"","meta":{"footnotes":""},"class_list":["post-3186","page","type-page","status-publish","has-post-thumbnail","hentry"],"yoast_head":"<!-- This site is optimized with the Yoast SEO Premium plugin v20.11 (Yoast SEO v27.5) - https:\/\/yoast.com\/product\/yoast-seo-premium-wordpress\/ -->\n<title>SkinPRO noteikumi - L\u0101zerepil\u0101cijas un kosmetolo\u0123ijas centrs<\/title>\n<meta name=\"description\" content=\"M\u016bsu centrs pied\u0101v\u0101 l\u0101zerepil\u0101ciju un \u0137erme\u0146a korekciju, apvienojot augstas kvalit\u0101tes proced\u016bras ar maksim\u0101lu komfortu.SkinPRO noteikumi\" \/>\n<meta name=\"robots\" content=\"index, follow, max-snippet:-1, max-image-preview:large, max-video-preview:-1\" \/>\n<link rel=\"canonical\" href=\"https:\/\/skinprodaugavpils.lv\/ru\/skinpro-noteikumi\/\" \/>\n<meta property=\"og:locale\" content=\"ru_RU\" \/>\n<meta property=\"og:type\" content=\"article\" \/>\n<meta property=\"og:title\" content=\"SkinPRO noteikumi\" \/>\n<meta property=\"og:description\" content=\"M\u016bsu centrs pied\u0101v\u0101 l\u0101zerepil\u0101ciju un \u0137erme\u0146a korekciju, apvienojot augstas kvalit\u0101tes proced\u016bras ar maksim\u0101lu komfortu.SkinPRO noteikumi\" \/>\n<meta property=\"og:url\" content=\"https:\/\/skinprodaugavpils.lv\/ru\/skinpro-noteikumi\/\" \/>\n<meta property=\"og:site_name\" content=\"SkinPRO\" \/>\n<meta property=\"article:publisher\" content=\"https:\/\/www.facebook.com\/Skinpro.lv\" \/>\n<meta property=\"article:modified_time\" content=\"2022-07-21T07:22:33+00:00\" \/>\n<meta property=\"og:image\" content=\"https:\/\/skinprodaugavpils.lv\/wp-content\/uploads\/2022\/04\/frame-6-scaled-1.webp\" \/>\n\t<meta property=\"og:image:width\" content=\"2560\" \/>\n\t<meta property=\"og:image:height\" content=\"1707\" \/>\n\t<meta property=\"og:image:type\" content=\"image\/webp\" \/>\n<meta name=\"twitter:card\" content=\"summary_large_image\" \/>\n<meta name=\"twitter:label1\" content=\"\u041f\u0440\u0438\u043c\u0435\u0440\u043d\u043e\u0435 \u0432\u0440\u0435\u043c\u044f \u0434\u043b\u044f \u0447\u0442\u0435\u043d\u0438\u044f\" \/>\n\t<meta name=\"twitter:data1\" content=\"1 \u043c\u0438\u043d\u0443\u0442\u0430\" \/>\n<script type=\"application\/ld+json\" class=\"yoast-schema-graph\">{\"@context\":\"https:\\\/\\\/schema.org\",\"@graph\":[{\"@type\":\"WebPage\",\"@id\":\"https:\\\/\\\/skinprodaugavpils.lv\\\/skinpro-noteikumi\\\/\",\"url\":\"https:\\\/\\\/skinprodaugavpils.lv\\\/skinpro-noteikumi\\\/\",\"name\":\"SkinPRO noteikumi - L\u0101zerepil\u0101cijas un kosmetolo\u0123ijas centrs\",\"isPartOf\":{\"@id\":\"https:\\\/\\\/skinprodaugavpils.lv\\\/#website\"},\"primaryImageOfPage\":{\"@id\":\"https:\\\/\\\/skinprodaugavpils.lv\\\/skinpro-noteikumi\\\/#primaryimage\"},\"image\":{\"@id\":\"https:\\\/\\\/skinprodaugavpils.lv\\\/skinpro-noteikumi\\\/#primaryimage\"},\"thumbnailUrl\":\"https:\\\/\\\/skinprodaugavpils.lv\\\/wp-content\\\/uploads\\\/2022\\\/04\\\/frame-6-scaled-1.webp\",\"datePublished\":\"2022-07-18T14:15:56+00:00\",\"dateModified\":\"2022-07-21T07:22:33+00:00\",\"description\":\"M\u016bsu centrs pied\u0101v\u0101 l\u0101zerepil\u0101ciju un \u0137erme\u0146a korekciju, apvienojot augstas kvalit\u0101tes proced\u016bras ar maksim\u0101lu komfortu.SkinPRO noteikumi\",\"breadcrumb\":{\"@id\":\"https:\\\/\\\/skinprodaugavpils.lv\\\/skinpro-noteikumi\\\/#breadcrumb\"},\"inLanguage\":\"ru-RU\",\"potentialAction\":[{\"@type\":\"ReadAction\",\"target\":[\"https:\\\/\\\/skinprodaugavpils.lv\\\/skinpro-noteikumi\\\/\"]}]},{\"@type\":\"ImageObject\",\"inLanguage\":\"ru-RU\",\"@id\":\"https:\\\/\\\/skinprodaugavpils.lv\\\/skinpro-noteikumi\\\/#primaryimage\",\"url\":\"https:\\\/\\\/skinprodaugavpils.lv\\\/wp-content\\\/uploads\\\/2022\\\/04\\\/frame-6-scaled-1.webp\",\"contentUrl\":\"https:\\\/\\\/skinprodaugavpils.lv\\\/wp-content\\\/uploads\\\/2022\\\/04\\\/frame-6-scaled-1.webp\",\"width\":2560,\"height\":1707,\"caption\":\"SkinPRO L\u0101zerepil\u0101cijas noteikumi\"},{\"@type\":\"BreadcrumbList\",\"@id\":\"https:\\\/\\\/skinprodaugavpils.lv\\\/skinpro-noteikumi\\\/#breadcrumb\",\"itemListElement\":[{\"@type\":\"ListItem\",\"position\":1,\"name\":\"Galven\u0101\",\"item\":\"https:\\\/\\\/skinprodaugavpils.lv\\\/\"},{\"@type\":\"ListItem\",\"position\":2,\"name\":\"SkinPRO noteikumi\"}]},{\"@type\":\"WebSite\",\"@id\":\"https:\\\/\\\/skinprodaugavpils.lv\\\/#website\",\"url\":\"https:\\\/\\\/skinprodaugavpils.lv\\\/\",\"name\":\"SkinPRO\",\"description\":\"L\u0101zerepil\u0101cijas un kosmetolo\u0123ijas centrs\",\"publisher\":{\"@id\":\"https:\\\/\\\/skinprodaugavpils.lv\\\/#organization\"},\"potentialAction\":[{\"@type\":\"SearchAction\",\"target\":{\"@type\":\"EntryPoint\",\"urlTemplate\":\"https:\\\/\\\/skinprodaugavpils.lv\\\/?s={search_term_string}\"},\"query-input\":{\"@type\":\"PropertyValueSpecification\",\"valueRequired\":true,\"valueName\":\"search_term_string\"}}],\"inLanguage\":\"ru-RU\"},{\"@type\":\"Organization\",\"@id\":\"https:\\\/\\\/skinprodaugavpils.lv\\\/#organization\",\"name\":\"L\u0101zerepil\u0101cijas un kosmetolo\u0123ijas centrs SkinPRO\",\"url\":\"https:\\\/\\\/skinprodaugavpils.lv\\\/\",\"logo\":{\"@type\":\"ImageObject\",\"inLanguage\":\"ru-RU\",\"@id\":\"https:\\\/\\\/skinprodaugavpils.lv\\\/#\\\/schema\\\/logo\\\/image\\\/\",\"url\":\"https:\\\/\\\/skinprodaugavpils.lv\\\/wp-content\\\/uploads\\\/2022\\\/04\\\/logo-dark.svg\",\"contentUrl\":\"https:\\\/\\\/skinprodaugavpils.lv\\\/wp-content\\\/uploads\\\/2022\\\/04\\\/logo-dark.svg\",\"width\":615,\"height\":160,\"caption\":\"L\u0101zerepil\u0101cijas un kosmetolo\u0123ijas centrs SkinPRO\"},\"image\":{\"@id\":\"https:\\\/\\\/skinprodaugavpils.lv\\\/#\\\/schema\\\/logo\\\/image\\\/\"},\"sameAs\":[\"https:\\\/\\\/www.facebook.com\\\/Skinpro.lv\",\"https:\\\/\\\/www.instagram.com\\\/skinpro_lv\\\/\"]}]}<\/script>\n<!-- \/ Yoast SEO Premium plugin. -->","yoast_head_json":{"title":"SkinPRO noteikumi - L\u0101zerepil\u0101cijas un kosmetolo\u0123ijas centrs","description":"M\u016bsu centrs pied\u0101v\u0101 l\u0101zerepil\u0101ciju un \u0137erme\u0146a korekciju, apvienojot augstas kvalit\u0101tes proced\u016bras ar maksim\u0101lu komfortu.SkinPRO noteikumi","robots":{"index":"index","follow":"follow","max-snippet":"max-snippet:-1","max-image-preview":"max-image-preview:large","max-video-preview":"max-video-preview:-1"},"canonical":"https:\/\/skinprodaugavpils.lv\/ru\/skinpro-noteikumi\/","og_locale":"ru_RU","og_type":"article","og_title":"SkinPRO noteikumi","og_description":"M\u016bsu centrs pied\u0101v\u0101 l\u0101zerepil\u0101ciju un \u0137erme\u0146a korekciju, apvienojot augstas kvalit\u0101tes proced\u016bras ar maksim\u0101lu komfortu.SkinPRO noteikumi","og_url":"https:\/\/skinprodaugavpils.lv\/ru\/skinpro-noteikumi\/","og_site_name":"SkinPRO","article_publisher":"https:\/\/www.facebook.com\/Skinpro.lv","article_modified_time":"2022-07-21T07:22:33+00:00","og_image":[{"width":2560,"height":1707,"url":"https:\/\/skinprodaugavpils.lv\/wp-content\/uploads\/2022\/04\/frame-6-scaled-1.webp","type":"image\/webp"}],"twitter_card":"summary_large_image","twitter_misc":{"\u041f\u0440\u0438\u043c\u0435\u0440\u043d\u043e\u0435 \u0432\u0440\u0435\u043c\u044f \u0434\u043b\u044f \u0447\u0442\u0435\u043d\u0438\u044f":"1 \u043c\u0438\u043d\u0443\u0442\u0430"},"schema":{"@context":"https:\/\/schema.org","@graph":[{"@type":"WebPage","@id":"https:\/\/skinprodaugavpils.lv\/skinpro-noteikumi\/","url":"https:\/\/skinprodaugavpils.lv\/skinpro-noteikumi\/","name":"SkinPRO noteikumi - L\u0101zerepil\u0101cijas un kosmetolo\u0123ijas centrs","isPartOf":{"@id":"https:\/\/skinprodaugavpils.lv\/#website"},"primaryImageOfPage":{"@id":"https:\/\/skinprodaugavpils.lv\/skinpro-noteikumi\/#primaryimage"},"image":{"@id":"https:\/\/skinprodaugavpils.lv\/skinpro-noteikumi\/#primaryimage"},"thumbnailUrl":"https:\/\/skinprodaugavpils.lv\/wp-content\/uploads\/2022\/04\/frame-6-scaled-1.webp","datePublished":"2022-07-18T14:15:56+00:00","dateModified":"2022-07-21T07:22:33+00:00","description":"M\u016bsu centrs pied\u0101v\u0101 l\u0101zerepil\u0101ciju un \u0137erme\u0146a korekciju, apvienojot augstas kvalit\u0101tes proced\u016bras ar maksim\u0101lu komfortu.SkinPRO noteikumi","breadcrumb":{"@id":"https:\/\/skinprodaugavpils.lv\/skinpro-noteikumi\/#breadcrumb"},"inLanguage":"ru-RU","potentialAction":[{"@type":"ReadAction","target":["https:\/\/skinprodaugavpils.lv\/skinpro-noteikumi\/"]}]},{"@type":"ImageObject","inLanguage":"ru-RU","@id":"https:\/\/skinprodaugavpils.lv\/skinpro-noteikumi\/#primaryimage","url":"https:\/\/skinprodaugavpils.lv\/wp-content\/uploads\/2022\/04\/frame-6-scaled-1.webp","contentUrl":"https:\/\/skinprodaugavpils.lv\/wp-content\/uploads\/2022\/04\/frame-6-scaled-1.webp","width":2560,"height":1707,"caption":"SkinPRO L\u0101zerepil\u0101cijas noteikumi"},{"@type":"BreadcrumbList","@id":"https:\/\/skinprodaugavpils.lv\/skinpro-noteikumi\/#breadcrumb","itemListElement":[{"@type":"ListItem","position":1,"name":"Galven\u0101","item":"https:\/\/skinprodaugavpils.lv\/"},{"@type":"ListItem","position":2,"name":"SkinPRO noteikumi"}]},{"@type":"WebSite","@id":"https:\/\/skinprodaugavpils.lv\/#website","url":"https:\/\/skinprodaugavpils.lv\/","name":"SkinPRO","description":"\u0426\u0435\u043d\u0442\u0440 \u043b\u0430\u0437\u0435\u0440\u043d\u043e\u0439 \u044d\u043f\u0438\u043b\u044f\u0446\u0438\u0438 \u0438 \u043a\u043e\u0441\u043c\u0435\u0442\u043e\u043b\u043e\u0433\u0438\u0438","publisher":{"@id":"https:\/\/skinprodaugavpils.lv\/#organization"},"potentialAction":[{"@type":"SearchAction","target":{"@type":"EntryPoint","urlTemplate":"https:\/\/skinprodaugavpils.lv\/?s={search_term_string}"},"query-input":{"@type":"PropertyValueSpecification","valueRequired":true,"valueName":"search_term_string"}}],"inLanguage":"ru-RU"},{"@type":"Organization","@id":"https:\/\/skinprodaugavpils.lv\/#organization","name":"\u0426\u0435\u043d\u0442\u0440 \u043b\u0430\u0437\u0435\u0440\u043d\u043e\u0439 \u044d\u043f\u0438\u043b\u044f\u0446\u0438\u0438 \u0438 \u0430\u043f\u043f\u0430\u0440\u0430\u0442\u043d\u043e\u0439 \u043a\u043e\u0440\u0440\u0435\u043a\u0446\u0438\u0438 \u0442\u0435\u043b\u0430 SkinPRO","url":"https:\/\/skinprodaugavpils.lv\/","logo":{"@type":"ImageObject","inLanguage":"ru-RU","@id":"https:\/\/skinprodaugavpils.lv\/#\/schema\/logo\/image\/","url":"https:\/\/skinprodaugavpils.lv\/wp-content\/uploads\/2022\/04\/logo-dark.svg","contentUrl":"https:\/\/skinprodaugavpils.lv\/wp-content\/uploads\/2022\/04\/logo-dark.svg","width":615,"height":160,"caption":"L\u0101zerepil\u0101cijas un kosmetolo\u0123ijas centrs SkinPRO"},"image":{"@id":"https:\/\/skinprodaugavpils.lv\/#\/schema\/logo\/image\/"},"sameAs":["https:\/\/www.facebook.com\/Skinpro.lv","https:\/\/www.instagram.com\/skinpro_lv\/"]}]}},"_links":{"self":[{"href":"https:\/\/skinprodaugavpils.lv\/ru\/wp-json\/wp\/v2\/pages\/3186","targetHints":{"allow":["GET"]}}],"collection":[{"href":"https:\/\/skinprodaugavpils.lv\/ru\/wp-json\/wp\/v2\/pages"}],"about":[{"href":"https:\/\/skinprodaugavpils.lv\/ru\/wp-json\/wp\/v2\/types\/page"}],"author":[{"embeddable":true,"href":"https:\/\/skinprodaugavpils.lv\/ru\/wp-json\/wp\/v2\/users\/3"}],"replies":[{"embeddable":true,"href":"https:\/\/skinprodaugavpils.lv\/ru\/wp-json\/wp\/v2\/comments?post=3186"}],"version-history":[{"count":0,"href":"https:\/\/skinprodaugavpils.lv\/ru\/wp-json\/wp\/v2\/pages\/3186\/revisions"}],"wp:featuredmedia":[{"embeddable":true,"href":"https:\/\/skinprodaugavpils.lv\/ru\/wp-json\/wp\/v2\/media\/1141"}],"wp:attachment":[{"href":"https:\/\/skinprodaugavpils.lv\/ru\/wp-json\/wp\/v2\/media?parent=3186"}],"curies":[{"name":"wp","href":"https:\/\/api.w.org\/{rel}","templated":true}]}}